{"id":784,"date":"2020-11-11T21:21:30","date_gmt":"2020-11-11T20:21:30","guid":{"rendered":"http:\/\/www.arch-eberhardt.at\/wordpress\/?page_id=784"},"modified":"2025-03-31T20:38:33","modified_gmt":"2025-03-31T18:38:33","slug":"planungen-vor-der-selbstaendigkeit","status":"publish","type":"page","link":"https:\/\/www.arch-eberhardt.at\/wordpress\/?page_id=784","title":{"rendered":"Planungen vor der Selbst\u00e4ndigkeit"},"content":{"rendered":"<table>\n<tbody>\n<tr>\n<td width=\"200\" valign=\"top\"><a title=\"R\u00f6merbergtunnel Linz\" href=\"?page_id=923\"><img loading=\"lazy\" decoding=\"async\" width=\"150\" height=\"150\" class=\"alignnone size-thumbnail wp-image-328\" alt=\"R\u00f6merbergtunnel Linza\" src=\"wp-content\/uploads\/2025\/03\/roemerberg_klein.jpg\"><br \/>\nR\u00f6merbergtunnel Linz<br \/>Portal Detailplanung 1962<\/a><\/td>\n<td width=\"200\" valign=\"top\"><a title=\"Universit\u00e4t Johannesburg S\u00fcdafrika\" href=\"?page_id=788\"><img loading=\"lazy\" decoding=\"async\" width=\"150\" height=\"150\" class=\"alignnone size-thumbnail wp-image-328\" alt=\"Universit\u00e4t Johannesburg S\u00fcdafrika\" src=\"wp-content\/uploads\/2020\/11\/Unversit\u00e4t-Johannesburg_150x150.jpg\"><br \/>\nUniversit\u00e4t Johannesburg S\u00fcdafrika<\/a><\/td>\n<td width=\"200\" valign=\"top\"><a title=\"Universit\u00e4t Johannesburg S\u00fcdafrika\" href=\"?page_id=926\"><img loading=\"lazy\" decoding=\"async\" width=\"150\" height=\"150\" class=\"alignnone size-thumbnail wp-image-328\" alt=\"Universit\u00e4t Johannesburg S\u00fcdafrika\" src=\"wp-content\/uploads\/2025\/03\/20170701-johannesburg_klein.jpg\"><br \/>\nUniversit\u00e4t Johannesburg<br \/>Baustelle 1972<\/a><\/td>\n<\/tr>\n<tr>\n<td width=\"200\" valign=\"top\"><a title=\"Wohn- und B\u00fcrobau Linz\" href=\"?page_id=827\"><img loading=\"lazy\" decoding=\"async\" width=\"150\" height=\"150\" class=\"alignnone size-thumbnail wp-image-311\" alt=\"DSCN2830\" src=\"wp-content\/uploads\/2020\/11\/robert_150x150.jpg\"><br \/>\nWohn- und B\u00fcrobau Linz<br \/>\nRobert-Strolzstr. 3,5,7<\/a><\/td>\n<td valign=\"top\"><a title=\"Borealis Linz, TAKO-Anlage\" href=\" ?page_id=841\"><img loading=\"lazy\" decoding=\"async\" width=\"150\" height=\"150\" class=\"alignnone size-thumbnail wp-image-352\" alt=\"DSCN7295\" src=\"wp-content\/uploads\/2020\/11\/robert2_150x150.jpg\"><br \/>\nWohnbau Linz<br \/>\nRobert-Strolzstr. 8,10,12<\/a><\/td>\n<td valign=\"top\"><a title=\"TMS Automotion, Linz\" href=\"?page_id=852\"><img loading=\"lazy\" decoding=\"async\" width=\"150\" height=\"150\" class=\"alignnone size-thumbnail wp-image-298\" alt=\"TMS14\" src=\"wp-content\/uploads\/2020\/11\/robert3_150x150.jpg\"><br \/>\nWohnbau Linz<br \/>\nRobert-Strolzstr. 14,16,18,20<\/a><\/td>\n<\/tr>\n<tr>\n<td valign=\"top\"><a title=\"Water Treatment Plant, OMV Sch\u00f6nkirchen\" href=\"?page_id=855\"><img loading=\"lazy\" decoding=\"async\" width=\"150\" height=\"150\" class=\"alignnone size-thumbnail wp-image-366\" alt=\"DSCN4948\" src=\"wp-content\/uploads\/2020\/11\/DSC00677_150x150.jpg\"><br \/>\nBundesl\u00e4nderversicherung Linz<br \/>\nLentia 2000<\/a><\/td>\n<td width=\"200\" valign=\"top\"><a title=\"Bauernkrankenkassa mit Wohnbau Linz\" href=\"?page_id=802\"><img loading=\"lazy\" decoding=\"async\" width=\"150\" height=\"150\" class=\"alignnone size-thumbnail wp-image-328\" alt=\"Anwendungshalle2_Linz_Architekturb\u00fcro_Eberhardt\" src=\"wp-content\/uploads\/2020\/11\/Bauern_150x150.jpg\"><br \/>\nBauernkrankenkassa mit Wohnbau Linz<\/a><\/td>\n<td width=\"200\" valign=\"top\"><a title=\"Borealis Linz, Hochregallager\" href=\"?page_id=811\"><img loading=\"lazy\" decoding=\"async\" width=\"150\" height=\"150\" class=\"alignnone size-thumbnail wp-image-347\" alt=\"DSCN2837c\" src=\"wp-content\/uploads\/2020\/11\/gmunden_150x150.jpg\"><br \/>\nTerrassenhausanlage Cumberland Gmunden<\/a><\/td>\n<\/tr>\n<\/tbody>\n<\/table>\n","protected":false},"excerpt":{"rendered":"<p>R\u00f6merbergtunnel LinzPortal Detailplanung 1962 Universit\u00e4t Johannesburg S\u00fcdafrika Universit\u00e4t JohannesburgBaustelle 1972 Wohn- und B\u00fcrobau Linz Robert-Strolzstr. 3,5,7 Wohnbau Linz Robert-Strolzstr. 8,10,12 Wohnbau Linz Robert-Strolzstr. 14,16,18,20 Bundesl\u00e4nderversicherung Linz Lentia 2000 Bauernkrankenkassa mit Wohnbau Linz Terrassenhausanlage Cumberland Gmunden<\/p>\n","protected":false},"author":3,"featured_media":0,"parent":0,"menu_order":0,"comment_status":"closed","ping_status":"closed","template":"","meta":{"footnotes":""},"class_list":["post-784","page","type-page","status-publish","hentry"],"_links":{"self":[{"href":"https:\/\/www.arch-eberhardt.at\/wordpress\/index.php?rest_route=\/wp\/v2\/pages\/784","targetHints":{"allow":["GET"]}}],"collection":[{"href":"https:\/\/www.arch-eberhardt.at\/wordpress\/index.php?rest_route=\/wp\/v2\/pages"}],"about":[{"href":"https:\/\/www.arch-eberhardt.at\/wordpress\/index.php?rest_route=\/wp\/v2\/types\/page"}],"author":[{"embeddable":true,"href":"https:\/\/www.arch-eberhardt.at\/wordpress\/index.php?rest_route=\/wp\/v2\/users\/3"}],"replies":[{"embeddable":true,"href":"https:\/\/www.arch-eberhardt.at\/wordpress\/index.php?rest_route=%2Fwp%2Fv2%2Fcomments&post=784"}],"version-history":[{"count":26,"href":"https:\/\/www.arch-eberhardt.at\/wordpress\/index.php?rest_route=\/wp\/v2\/pages\/784\/revisions"}],"predecessor-version":[{"id":928,"href":"https:\/\/www.arch-eberhardt.at\/wordpress\/index.php?rest_route=\/wp\/v2\/pages\/784\/revisions\/928"}],"wp:attachment":[{"href":"https:\/\/www.arch-eberhardt.at\/wordpress\/index.php?rest_route=%2Fwp%2Fv2%2Fmedia&parent=784"}],"curies":[{"name":"wp","href":"https:\/\/api.w.org\/{rel}","templated":true}]}}