{"id":406,"date":"2013-11-27T14:41:22","date_gmt":"2013-11-27T12:41:22","guid":{"rendered":"http:\/\/www.arch-eberhardt.at\/wordpress\/?page_id=406"},"modified":"2013-11-27T14:41:22","modified_gmt":"2013-11-27T12:41:22","slug":"boeralis-linz-headquarters","status":"publish","type":"page","link":"https:\/\/www.arch-eberhardt.at\/wordpress\/?page_id=406","title":{"rendered":"Boeralis Linz, Headquarters"},"content":{"rendered":"<div id=\"metaslider-id-393\" style=\"width: 100%;\" class=\"ml-slider-3-90-1 metaslider metaslider-nivo metaslider-393 ml-slider ms-theme-nivo-dark\" role=\"region\" aria-roledescription=\"Slideshow\" aria-label=\"Borealis, B72neu\">\n    <div id=\"metaslider_container_393\">\n        <div class='slider-wrapper theme-default'><div class='ribbon'><\/div><div id='metaslider_393' class='nivoSlider'><img loading=\"lazy\" decoding=\"async\" src=\"https:\/\/www.arch-eberhardt.at\/wordpress\/wp-content\/uploads\/2013\/11\/Gesamtbild-ohne-Granulat-750x550.jpg\" height=\"550\" width=\"750\" alt=\"\" class=\"slider-393 slide-394\" \/><img loading=\"lazy\" decoding=\"async\" src=\"https:\/\/www.arch-eberhardt.at\/wordpress\/wp-content\/uploads\/2013\/11\/Ansicht2-750x550.jpg\" height=\"550\" width=\"750\" alt=\"\" class=\"slider-393 slide-404\" \/><img loading=\"lazy\" decoding=\"async\" src=\"https:\/\/www.arch-eberhardt.at\/wordpress\/wp-content\/uploads\/2013\/11\/Ansicht3-750x550.jpg\" height=\"550\" width=\"750\" alt=\"\" class=\"slider-393 slide-405\" \/><img loading=\"lazy\" decoding=\"async\" src=\"https:\/\/www.arch-eberhardt.at\/wordpress\/wp-content\/uploads\/2013\/11\/Funktionsschema_72a-750x550.jpg\" height=\"550\" width=\"750\" alt=\"\" class=\"slider-393 slide-396\" \/><img loading=\"lazy\" decoding=\"async\" src=\"https:\/\/www.arch-eberhardt.at\/wordpress\/wp-content\/uploads\/2013\/11\/B\u00fcrogeb\u00e4ude-W\u00fcrfel6-750x550.jpg\" height=\"550\" width=\"750\" alt=\"\" class=\"slider-393 slide-397\" \/><\/div><\/div>\n        \n    <\/div>\n<\/div>\n","protected":false},"excerpt":{"rendered":"","protected":false},"author":2,"featured_media":0,"parent":33,"menu_order":0,"comment_status":"closed","ping_status":"closed","template":"","meta":{"footnotes":""},"class_list":["post-406","page","type-page","status-publish","hentry"],"_links":{"self":[{"href":"https:\/\/www.arch-eberhardt.at\/wordpress\/index.php?rest_route=\/wp\/v2\/pages\/406","targetHints":{"allow":["GET"]}}],"collection":[{"href":"https:\/\/www.arch-eberhardt.at\/wordpress\/index.php?rest_route=\/wp\/v2\/pages"}],"about":[{"href":"https:\/\/www.arch-eberhardt.at\/wordpress\/index.php?rest_route=\/wp\/v2\/types\/page"}],"author":[{"embeddable":true,"href":"https:\/\/www.arch-eberhardt.at\/wordpress\/index.php?rest_route=\/wp\/v2\/users\/2"}],"replies":[{"embeddable":true,"href":"https:\/\/www.arch-eberhardt.at\/wordpress\/index.php?rest_route=%2Fwp%2Fv2%2Fcomments&post=406"}],"version-history":[{"count":1,"href":"https:\/\/www.arch-eberhardt.at\/wordpress\/index.php?rest_route=\/wp\/v2\/pages\/406\/revisions"}],"predecessor-version":[{"id":407,"href":"https:\/\/www.arch-eberhardt.at\/wordpress\/index.php?rest_route=\/wp\/v2\/pages\/406\/revisions\/407"}],"up":[{"embeddable":true,"href":"https:\/\/www.arch-eberhardt.at\/wordpress\/index.php?rest_route=\/wp\/v2\/pages\/33"}],"wp:attachment":[{"href":"https:\/\/www.arch-eberhardt.at\/wordpress\/index.php?rest_route=%2Fwp%2Fv2%2Fmedia&parent=406"}],"curies":[{"name":"wp","href":"https:\/\/api.w.org\/{rel}","templated":true}]}}