{"id":334,"date":"2013-11-26T15:28:27","date_gmt":"2013-11-26T13:28:27","guid":{"rendered":"http:\/\/www.arch-eberhardt.at\/wordpress\/?page_id=334"},"modified":"2013-11-28T11:06:30","modified_gmt":"2013-11-28T09:06:30","slug":"borealis-linz-laborgebaeude","status":"publish","type":"page","link":"https:\/\/www.arch-eberhardt.at\/wordpress\/?page_id=334","title":{"rendered":"Borealis Linz, Laborgeb\u00e4ude"},"content":{"rendered":"<p>Laborgeb\u00e4ude f\u00fcr die Kunststoff-Forschung.<br \/>\nMassivbauweise mit Sicherheits-Druckkabinen.<br \/>\n<div id=\"metaslider-id-310\" style=\"width: 100%;\" class=\"ml-slider-3-90-1 metaslider metaslider-nivo metaslider-310 ml-slider ms-theme-nivo-dark\" role=\"region\" aria-roledescription=\"Slideshow\" aria-label=\"Borealis, B91\">\n    <div id=\"metaslider_container_310\">\n        <div class='slider-wrapper theme-default'><div class='ribbon'><\/div><div id='metaslider_310' class='nivoSlider'><img loading=\"lazy\" decoding=\"async\" src=\"https:\/\/www.arch-eberhardt.at\/wordpress\/wp-content\/uploads\/2013\/11\/DSCN2830-750x550.jpg\" height=\"550\" width=\"750\" alt=\"\" class=\"slider-310 slide-311\" \/><img loading=\"lazy\" decoding=\"async\" src=\"https:\/\/www.arch-eberhardt.at\/wordpress\/wp-content\/uploads\/2013\/11\/IMG_5318-750x550.jpg\" height=\"550\" width=\"750\" alt=\"\" class=\"slider-310 slide-316\" \/><img loading=\"lazy\" decoding=\"async\" src=\"https:\/\/www.arch-eberhardt.at\/wordpress\/wp-content\/uploads\/2013\/11\/DSCN1878-750x550.jpg\" height=\"550\" width=\"750\" alt=\"\" class=\"slider-310 slide-313\" \/><img loading=\"lazy\" decoding=\"async\" src=\"https:\/\/www.arch-eberhardt.at\/wordpress\/wp-content\/uploads\/2013\/11\/IMG_6734-750x550.jpg\" height=\"550\" width=\"750\" alt=\"\" class=\"slider-310 slide-312\" \/><img loading=\"lazy\" decoding=\"async\" src=\"https:\/\/www.arch-eberhardt.at\/wordpress\/wp-content\/uploads\/2013\/11\/IMG_6649-750x550.jpg\" height=\"550\" width=\"750\" alt=\"\" class=\"slider-310 slide-314\" \/><\/div><\/div>\n        \n    <\/div>\n<\/div><\/p>\n","protected":false},"excerpt":{"rendered":"<p>Laborgeb\u00e4ude f\u00fcr die Kunststoff-Forschung. Massivbauweise mit Sicherheits-Druckkabinen.<\/p>\n","protected":false},"author":2,"featured_media":0,"parent":31,"menu_order":0,"comment_status":"closed","ping_status":"closed","template":"","meta":{"footnotes":""},"class_list":["post-334","page","type-page","status-publish","hentry"],"_links":{"self":[{"href":"https:\/\/www.arch-eberhardt.at\/wordpress\/index.php?rest_route=\/wp\/v2\/pages\/334","targetHints":{"allow":["GET"]}}],"collection":[{"href":"https:\/\/www.arch-eberhardt.at\/wordpress\/index.php?rest_route=\/wp\/v2\/pages"}],"about":[{"href":"https:\/\/www.arch-eberhardt.at\/wordpress\/index.php?rest_route=\/wp\/v2\/types\/page"}],"author":[{"embeddable":true,"href":"https:\/\/www.arch-eberhardt.at\/wordpress\/index.php?rest_route=\/wp\/v2\/users\/2"}],"replies":[{"embeddable":true,"href":"https:\/\/www.arch-eberhardt.at\/wordpress\/index.php?rest_route=%2Fwp%2Fv2%2Fcomments&post=334"}],"version-history":[{"count":1,"href":"https:\/\/www.arch-eberhardt.at\/wordpress\/index.php?rest_route=\/wp\/v2\/pages\/334\/revisions"}],"predecessor-version":[{"id":335,"href":"https:\/\/www.arch-eberhardt.at\/wordpress\/index.php?rest_route=\/wp\/v2\/pages\/334\/revisions\/335"}],"up":[{"embeddable":true,"href":"https:\/\/www.arch-eberhardt.at\/wordpress\/index.php?rest_route=\/wp\/v2\/pages\/31"}],"wp:attachment":[{"href":"https:\/\/www.arch-eberhardt.at\/wordpress\/index.php?rest_route=%2Fwp%2Fv2%2Fmedia&parent=334"}],"curies":[{"name":"wp","href":"https:\/\/api.w.org\/{rel}","templated":true}]}}