{"id":31,"date":"2013-11-20T21:58:50","date_gmt":"2013-11-20T19:58:50","guid":{"rendered":"http:\/\/www.arch-eberhardt.at\/wordpress\/?page_id=31"},"modified":"2020-02-18T20:54:10","modified_gmt":"2020-02-18T19:54:10","slug":"industrie-gewerbe","status":"publish","type":"page","link":"https:\/\/www.arch-eberhardt.at\/wordpress\/?page_id=31","title":{"rendered":"Industrie, Gewerbe &#038; Sonstiges"},"content":{"rendered":"<table>\n<tbody>\n<tr>\n<td width=\"200\" valign=\"top\"><a title=\"PCD\/Borealis Linz\" href=\"?page_id=667\"><img loading=\"lazy\" decoding=\"async\" width=\"150\" height=\"150\" class=\"alignnone size-thumbnail wp-image-328\" alt=\"PCD\/Borealis Linz\" src=\"wp-content\/uploads\/2020\/02\/PCD3150.jpg\"><br \/>\nPCD\/Borealis Linz, B\u00fcro Labor Technikum<\/a><\/td>\n<td width=\"200\" valign=\"top\"><a title=\"Borealis Linz, Anwendungshalle\" href=\"?page_id=332\"><img loading=\"lazy\" decoding=\"async\" width=\"150\" height=\"150\" class=\"alignnone size-thumbnail wp-image-328\" alt=\"Anwendungshalle2_Linz_Architekturb\u00fcro_Eberhardt\" src=\"wp-content\/uploads\/2013\/11\/Anwendungshalle2_Linz_Architekturb\u00fcro_Eberhardt-150x150.jpg\"><br \/>\nBorealis Linz, Anwendungshalle<\/a><\/td>\n<td width=\"200\" valign=\"top\"><a title=\"Borealis Linz, Hochregallager\" href=\"?page_id=348\"><img loading=\"lazy\" decoding=\"async\" width=\"150\" height=\"150\" class=\"alignnone size-thumbnail wp-image-347\" alt=\"DSCN2837c\" src=\"wp-content\/uploads\/2013\/11\/DSCN2837c-150x150.jpg\"><br \/>\nBorealis Linz, Hochregallager<\/a><\/td>\n<\/tr>\n<tr>\n<td width=\"200\" valign=\"top\"><a title=\"Borealis Linz, Laborgeb\u00e4ude\" href=\"?page_id=334\"><img loading=\"lazy\" decoding=\"async\" width=\"150\" height=\"150\" class=\"alignnone size-thumbnail wp-image-311\" alt=\"DSCN2830\" src=\"wp-content\/uploads\/2013\/11\/DSCN2830-150x150.jpg\"><br \/>\nBorealis Linz, Laborgeb\u00e4ude<\/a><\/td>\n<td valign=\"top\"><a title=\"Borealis Linz, TAKO-Anlage\" href=\" ?page_id=670\"><img loading=\"lazy\" decoding=\"async\" width=\"150\" height=\"150\" class=\"alignnone size-thumbnail wp-image-352\" alt=\"DSCN7295\" src=\"wp-content\/uploads\/2013\/11\/DSCN7295-150x150.jpg\"><br \/>\nBorealis Linz, TAKO-Anlage<\/a><\/td>\n<td valign=\"top\"><a title=\"TMS Automotion, Linz\" href=\"?page_id=307\"><img loading=\"lazy\" decoding=\"async\" width=\"150\" height=\"150\" class=\"alignnone size-thumbnail wp-image-298\" alt=\"TMS14\" src=\"wp-content\/uploads\/2013\/11\/TMS14-150x150.jpg\"><br \/>\nTMS Automotion, Linz<\/a><\/td>\n<\/tr>\n<tr>\n<td valign=\"top\"><a title=\"Water Treatment Plant, OMV Sch\u00f6nkirchen\" href=\"?page_id=673\"><img loading=\"lazy\" decoding=\"async\" width=\"150\" height=\"150\" class=\"alignnone size-thumbnail wp-image-366\" alt=\"DSCN4948\" src=\"wp-content\/uploads\/2020\/02\/vorschau.png\"><br \/>\nWater Treatment Plant, OMV Sch\u00f6nkirchen<\/a><\/td>\n<td valign=\"top\"><a title=\"PCD\/Borealis Wien, Direktion\" href=\"?page_id=683\"><img loading=\"lazy\" decoding=\"async\" width=\"150\" height=\"150\" class=\"alignnone size-thumbnail wp-image-366\" src=\"wp-content\/uploads\/2020\/02\/OMV7150.jpg\"><br \/>\nPCD\/Borealis Wien, Direktion<\/a><\/td>\n<td valign=\"top\"><a title=\"O\u00d6 Blinden- und Sehbehindertenverband\" href=\"?page_id=211\"><img loading=\"lazy\" decoding=\"async\" width=\"150\" height=\"150\" class=\"alignnone size-thumbnail wp-image-206\" alt=\"O\u00d6BSV3\" src=\"wp-content\/uploads\/2013\/11\/O\u00d6BSV3-150x150.jpg\"><br \/>\nO\u00d6 Blinden- und Sehbehinderten- verband Linz<\/a><\/td>\n<\/tr>\n<tr>\n<td valign=\"top\"><a title=\"Wohn-, B\u00fcro- und Gesch\u00e4ftshaus\" href=\"?page_id=234\"><img loading=\"lazy\" decoding=\"async\" width=\"150\" height=\"150\" class=\"alignnone size-thumbnail wp-image-232\" alt=\"c01\" src=\"wp-content\/uploads\/2013\/11\/c01-150x150.jpg\"><br \/>\nWohn-, B\u00fcro- und Gesch\u00e4ftshaus<\/a><\/td>\n<td width=\"200\" valign=\"top\"><a title=\"Technisches Museum Wien, Lagerhalle Haringsee\" href=\"?page_id=588\"><img loading=\"lazy\" decoding=\"async\" width=\"150\" height=\"150\" class=\"alignnone size-thumbnail wp-image-328\" alt=\"Anwendungshalle2_Linz_Architekturb\u00fcro_Eberhardt\" src=\"wp-content\/uploads\/2016\/11\/Halle10_Bild2-900x550.jpeg\"><br \/>\nTechnisches Museum Wien, Lagerhalle Haringsee<\/a><\/td>\n<td width=\"200\" valign=\"top\"><a title=\"Sozialbau Chemie Linz\" href=\"?page_id=695\"><img loading=\"lazy\" decoding=\"async\" width=\"150\" height=\"150\" class=\"alignnone size-thumbnail wp-image-328\" alt=\"Sozialbau Chemie Linz\" src=\"wp-content\/uploads\/2020\/02\/Bau40_1150.jpg\"><br \/>\nSozialbau Chemie Linz<\/a><\/td>\n<\/tr>\n<tr>\n<td valign=\"top\"><a href=\"wp-content\/uploads\/2013\/11\/THeim1.jpg\"><img loading=\"lazy\" decoding=\"async\" width=\"150\" height=\"150\" class=\"alignnone size-thumbnail wp-image-258\" alt=\"THeim1\" src=\"wp-content\/uploads\/2013\/11\/THeim1-150x150.jpg\"><\/a><a title=\"Tagesheimst\u00e4tte Leonding\" href=\"?page_id=262\"><br \/>\nTagesheimst\u00e4tte Leonding<\/a><\/td>\n<td valign=\"top\"><a href=\"?page_id=700\"><img loading=\"lazy\" decoding=\"async\" width=\"150\" height=\"150\" class=\"alignnone size-thumbnail wp-image-258\" alt=\"Pedus Wien\" src=\"wp-content\/uploads\/2020\/02\/Pedus8150.jpg\"><br \/>\nPedus Wien<\/a><\/td>\n<\/tr>\n<\/tbody>\n<\/table>\n","protected":false},"excerpt":{"rendered":"<p>PCD\/Borealis Linz, B\u00fcro Labor Technikum Borealis Linz, Anwendungshalle Borealis Linz, Hochregallager Borealis Linz, Laborgeb\u00e4ude Borealis Linz, TAKO-Anlage TMS Automotion, Linz Water Treatment Plant, OMV Sch\u00f6nkirchen PCD\/Borealis Wien, Direktion O\u00d6 Blinden- und Sehbehinderten- verband Linz Wohn-, B\u00fcro- und Gesch\u00e4ftshaus Technisches Museum Wien, Lagerhalle Haringsee Sozialbau Chemie Linz Tagesheimst\u00e4tte Leonding Pedus Wien<\/p>\n","protected":false},"author":1,"featured_media":0,"parent":0,"menu_order":0,"comment_status":"closed","ping_status":"closed","template":"","meta":{"footnotes":""},"class_list":["post-31","page","type-page","status-publish","hentry"],"_links":{"self":[{"href":"https:\/\/www.arch-eberhardt.at\/wordpress\/index.php?rest_route=\/wp\/v2\/pages\/31","targetHints":{"allow":["GET"]}}],"collection":[{"href":"https:\/\/www.arch-eberhardt.at\/wordpress\/index.php?rest_route=\/wp\/v2\/pages"}],"about":[{"href":"https:\/\/www.arch-eberhardt.at\/wordpress\/index.php?rest_route=\/wp\/v2\/types\/page"}],"author":[{"embeddable":true,"href":"https:\/\/www.arch-eberhardt.at\/wordpress\/index.php?rest_route=\/wp\/v2\/users\/1"}],"replies":[{"embeddable":true,"href":"https:\/\/www.arch-eberhardt.at\/wordpress\/index.php?rest_route=%2Fwp%2Fv2%2Fcomments&post=31"}],"version-history":[{"count":39,"href":"https:\/\/www.arch-eberhardt.at\/wordpress\/index.php?rest_route=\/wp\/v2\/pages\/31\/revisions"}],"predecessor-version":[{"id":751,"href":"https:\/\/www.arch-eberhardt.at\/wordpress\/index.php?rest_route=\/wp\/v2\/pages\/31\/revisions\/751"}],"wp:attachment":[{"href":"https:\/\/www.arch-eberhardt.at\/wordpress\/index.php?rest_route=%2Fwp%2Fv2%2Fmedia&parent=31"}],"curies":[{"name":"wp","href":"https:\/\/api.w.org\/{rel}","templated":true}]}}