{"id":307,"date":"2013-11-26T14:09:33","date_gmt":"2013-11-26T12:09:33","guid":{"rendered":"http:\/\/www.arch-eberhardt.at\/wordpress\/?page_id=307"},"modified":"2013-11-28T10:36:59","modified_gmt":"2013-11-28T08:36:59","slug":"tms-automotion-linz","status":"publish","type":"page","link":"https:\/\/www.arch-eberhardt.at\/wordpress\/?page_id=307","title":{"rendered":"TMS Automotion, Linz"},"content":{"rendered":"<p>Umbau- und Aufstockung eines B\u00fcrogeb\u00e4udes.<br \/>\nNeue Betriebshalle mit Verbindungsbr\u00fccke zum B\u00fcrogeb\u00e4ude.<br \/>\nB\u00fcronutzfl\u00e4che 2.100m2, Montagehalle 1.900m2 Spannweite 30m<\/p>\n<div id=\"metaslider-id-284\" style=\"width: 100%;\" class=\"ml-slider-3-90-1 metaslider metaslider-nivo metaslider-284 ml-slider ms-theme-nivo-dark\" role=\"region\" aria-roledescription=\"Slideshow\" aria-label=\"TMS\">\n    <div id=\"metaslider_container_284\">\n        <div class='slider-wrapper theme-default'><div class='ribbon'><\/div><div id='metaslider_284' class='nivoSlider'><img loading=\"lazy\" decoding=\"async\" src=\"https:\/\/www.arch-eberhardt.at\/wordpress\/wp-content\/uploads\/2013\/11\/TMS3-750x550.jpg\" height=\"550\" width=\"750\" alt=\"\" class=\"slider-284 slide-287\" \/><img loading=\"lazy\" decoding=\"async\" src=\"https:\/\/www.arch-eberhardt.at\/wordpress\/wp-content\/uploads\/2013\/11\/TMS5-750x550.jpg\" height=\"550\" width=\"750\" alt=\"\" class=\"slider-284 slide-289\" \/><img loading=\"lazy\" decoding=\"async\" src=\"https:\/\/www.arch-eberhardt.at\/wordpress\/wp-content\/uploads\/2013\/11\/TMS19-750x550.jpg\" height=\"550\" width=\"750\" alt=\"\" class=\"slider-284 slide-303\" \/><img loading=\"lazy\" decoding=\"async\" src=\"https:\/\/www.arch-eberhardt.at\/wordpress\/wp-content\/uploads\/2013\/11\/TMS18-750x550.jpg\" height=\"550\" width=\"750\" alt=\"\" class=\"slider-284 slide-302\" \/><img loading=\"lazy\" decoding=\"async\" src=\"https:\/\/www.arch-eberhardt.at\/wordpress\/wp-content\/uploads\/2013\/11\/TMS16-750x550.jpg\" height=\"550\" width=\"750\" alt=\"\" class=\"slider-284 slide-300\" \/><img loading=\"lazy\" decoding=\"async\" src=\"https:\/\/www.arch-eberhardt.at\/wordpress\/wp-content\/uploads\/2013\/11\/TMS14-750x550.jpg\" height=\"550\" width=\"750\" alt=\"\" class=\"slider-284 slide-298\" \/><img loading=\"lazy\" decoding=\"async\" src=\"https:\/\/www.arch-eberhardt.at\/wordpress\/wp-content\/uploads\/2013\/11\/TMS15-750x550.jpg\" height=\"550\" width=\"750\" alt=\"\" class=\"slider-284 slide-299\" \/><img loading=\"lazy\" decoding=\"async\" src=\"https:\/\/www.arch-eberhardt.at\/wordpress\/wp-content\/uploads\/2013\/11\/TMS13-750x550.jpg\" height=\"550\" width=\"750\" alt=\"\" class=\"slider-284 slide-297\" \/><img loading=\"lazy\" decoding=\"async\" src=\"https:\/\/www.arch-eberhardt.at\/wordpress\/wp-content\/uploads\/2013\/11\/TMS11-750x550.jpg\" height=\"550\" width=\"750\" alt=\"\" class=\"slider-284 slide-295\" \/><a href=\"?page_id=307\" target=\"_self\"><img loading=\"lazy\" decoding=\"async\" src=\"https:\/\/www.arch-eberhardt.at\/wordpress\/wp-content\/uploads\/2013\/11\/TMS6-750x550.jpg\" height=\"550\" width=\"750\" alt=\"\" class=\"slider-284 slide-290\" \/><\/a><img loading=\"lazy\" decoding=\"async\" src=\"https:\/\/www.arch-eberhardt.at\/wordpress\/wp-content\/uploads\/2013\/11\/TMS10-750x550.jpg\" height=\"550\" width=\"750\" alt=\"\" class=\"slider-284 slide-294\" \/><img loading=\"lazy\" decoding=\"async\" src=\"https:\/\/www.arch-eberhardt.at\/wordpress\/wp-content\/uploads\/2013\/11\/TMS7-750x550.jpg\" height=\"550\" width=\"750\" alt=\"\" class=\"slider-284 slide-291\" \/><img loading=\"lazy\" decoding=\"async\" src=\"https:\/\/www.arch-eberhardt.at\/wordpress\/wp-content\/uploads\/2013\/11\/TMS2-750x550.jpg\" height=\"550\" width=\"750\" alt=\"\" class=\"slider-284 slide-286\" \/><\/div><\/div>\n        \n    <\/div>\n<\/div>\n","protected":false},"excerpt":{"rendered":"<p>Umbau- und Aufstockung eines B\u00fcrogeb\u00e4udes. Neue Betriebshalle mit Verbindungsbr\u00fccke zum B\u00fcrogeb\u00e4ude. B\u00fcronutzfl\u00e4che 2.100m2, Montagehalle 1.900m2 Spannweite 30m<\/p>\n","protected":false},"author":2,"featured_media":0,"parent":31,"menu_order":0,"comment_status":"closed","ping_status":"closed","template":"","meta":{"footnotes":""},"class_list":["post-307","page","type-page","status-publish","hentry"],"_links":{"self":[{"href":"https:\/\/www.arch-eberhardt.at\/wordpress\/index.php?rest_route=\/wp\/v2\/pages\/307","targetHints":{"allow":["GET"]}}],"collection":[{"href":"https:\/\/www.arch-eberhardt.at\/wordpress\/index.php?rest_route=\/wp\/v2\/pages"}],"about":[{"href":"https:\/\/www.arch-eberhardt.at\/wordpress\/index.php?rest_route=\/wp\/v2\/types\/page"}],"author":[{"embeddable":true,"href":"https:\/\/www.arch-eberhardt.at\/wordpress\/index.php?rest_route=\/wp\/v2\/users\/2"}],"replies":[{"embeddable":true,"href":"https:\/\/www.arch-eberhardt.at\/wordpress\/index.php?rest_route=%2Fwp%2Fv2%2Fcomments&post=307"}],"version-history":[{"count":4,"href":"https:\/\/www.arch-eberhardt.at\/wordpress\/index.php?rest_route=\/wp\/v2\/pages\/307\/revisions"}],"predecessor-version":[{"id":419,"href":"https:\/\/www.arch-eberhardt.at\/wordpress\/index.php?rest_route=\/wp\/v2\/pages\/307\/revisions\/419"}],"up":[{"embeddable":true,"href":"https:\/\/www.arch-eberhardt.at\/wordpress\/index.php?rest_route=\/wp\/v2\/pages\/31"}],"wp:attachment":[{"href":"https:\/\/www.arch-eberhardt.at\/wordpress\/index.php?rest_route=%2Fwp%2Fv2%2Fmedia&parent=307"}],"curies":[{"name":"wp","href":"https:\/\/api.w.org\/{rel}","templated":true}]}}