{"id":234,"date":"2013-11-22T13:18:07","date_gmt":"2013-11-22T11:18:07","guid":{"rendered":"http:\/\/www.arch-eberhardt.at\/wordpress\/?page_id=234"},"modified":"2013-11-22T13:18:07","modified_gmt":"2013-11-22T11:18:07","slug":"wohn-buero-und-geschaeftshaus","status":"publish","type":"page","link":"https:\/\/www.arch-eberhardt.at\/wordpress\/?page_id=234","title":{"rendered":"Wohn-, B\u00fcro- und Gesch\u00e4ftshaus"},"content":{"rendered":"<p>Dametzstra\u00dfe, 4020 Linz<\/p>\n<div id=\"metaslider-id-231\" style=\"width: 100%;\" class=\"ml-slider-3-90-1 metaslider metaslider-nivo metaslider-231 ml-slider ms-theme-nivo-dark\" role=\"region\" aria-roledescription=\"Slideshow\" aria-label=\"Dametzstra\u00dfe\">\n    <div id=\"metaslider_container_231\">\n        <div class='slider-wrapper theme-default'><div class='ribbon'><\/div><div id='metaslider_231' class='nivoSlider'><img loading=\"lazy\" decoding=\"async\" src=\"https:\/\/www.arch-eberhardt.at\/wordpress\/wp-content\/uploads\/2013\/11\/c01-750x550.jpg\" height=\"550\" width=\"750\" alt=\"\" class=\"slider-231 slide-232\" \/><img loading=\"lazy\" decoding=\"async\" src=\"https:\/\/www.arch-eberhardt.at\/wordpress\/wp-content\/uploads\/2013\/11\/c04-750x550.jpg\" height=\"550\" width=\"750\" alt=\"\" class=\"slider-231 slide-233\" \/><\/div><\/div>\n        \n    <\/div>\n<\/div>\n","protected":false},"excerpt":{"rendered":"<p>Dametzstra\u00dfe, 4020 Linz<\/p>\n","protected":false},"author":2,"featured_media":0,"parent":31,"menu_order":0,"comment_status":"closed","ping_status":"closed","template":"","meta":{"footnotes":""},"class_list":["post-234","page","type-page","status-publish","hentry"],"_links":{"self":[{"href":"https:\/\/www.arch-eberhardt.at\/wordpress\/index.php?rest_route=\/wp\/v2\/pages\/234","targetHints":{"allow":["GET"]}}],"collection":[{"href":"https:\/\/www.arch-eberhardt.at\/wordpress\/index.php?rest_route=\/wp\/v2\/pages"}],"about":[{"href":"https:\/\/www.arch-eberhardt.at\/wordpress\/index.php?rest_route=\/wp\/v2\/types\/page"}],"author":[{"embeddable":true,"href":"https:\/\/www.arch-eberhardt.at\/wordpress\/index.php?rest_route=\/wp\/v2\/users\/2"}],"replies":[{"embeddable":true,"href":"https:\/\/www.arch-eberhardt.at\/wordpress\/index.php?rest_route=%2Fwp%2Fv2%2Fcomments&post=234"}],"version-history":[{"count":1,"href":"https:\/\/www.arch-eberhardt.at\/wordpress\/index.php?rest_route=\/wp\/v2\/pages\/234\/revisions"}],"predecessor-version":[{"id":235,"href":"https:\/\/www.arch-eberhardt.at\/wordpress\/index.php?rest_route=\/wp\/v2\/pages\/234\/revisions\/235"}],"up":[{"embeddable":true,"href":"https:\/\/www.arch-eberhardt.at\/wordpress\/index.php?rest_route=\/wp\/v2\/pages\/31"}],"wp:attachment":[{"href":"https:\/\/www.arch-eberhardt.at\/wordpress\/index.php?rest_route=%2Fwp%2Fv2%2Fmedia&parent=234"}],"curies":[{"name":"wp","href":"https:\/\/api.w.org\/{rel}","templated":true}]}}