{"id":228,"date":"2013-11-22T09:49:04","date_gmt":"2013-11-22T07:49:04","guid":{"rendered":"http:\/\/www.arch-eberhardt.at\/wordpress\/?page_id=228"},"modified":"2013-11-28T11:14:24","modified_gmt":"2013-11-28T09:14:24","slug":"einfamilienhaus-wartberg-2","status":"publish","type":"page","link":"https:\/\/www.arch-eberhardt.at\/wordpress\/?page_id=228","title":{"rendered":"Einfamilienhaus Wartberg\/Aist"},"content":{"rendered":"<p>S\u00fcdhanglage mit Aufschlie\u00dfung von S\u00fcden<br \/>\n<div id=\"metaslider-id-150\" style=\"width: 100%;\" class=\"ml-slider-3-90-1 metaslider metaslider-nivo metaslider-150 ml-slider ms-theme-nivo-dark\" role=\"region\" aria-roledescription=\"Slideshow\" aria-label=\"Pumberger\">\n    <div id=\"metaslider_container_150\">\n        <div class='slider-wrapper theme-default'><div class='ribbon'><\/div><div id='metaslider_150' class='nivoSlider'><img loading=\"lazy\" decoding=\"async\" src=\"https:\/\/www.arch-eberhardt.at\/wordpress\/wp-content\/uploads\/2013\/11\/IMG_2114-650x480.jpg\" height=\"480\" width=\"650\" data-caption=\"Hanglage\" alt=\"\" class=\"slider-150 slide-159\" \/><img loading=\"lazy\" decoding=\"async\" src=\"https:\/\/www.arch-eberhardt.at\/wordpress\/wp-content\/uploads\/2013\/11\/IMG_2103-650x480.jpg\" height=\"480\" width=\"650\" data-caption=\"&Uuml;berdachter Zugang\" alt=\"\" class=\"slider-150 slide-155\" \/><img loading=\"lazy\" decoding=\"async\" src=\"https:\/\/www.arch-eberhardt.at\/wordpress\/wp-content\/uploads\/2013\/11\/IMG_2105-650x480.jpg\" height=\"480\" width=\"650\" data-caption=\"Windfang und Wintergarten\" alt=\"\" class=\"slider-150 slide-156\" \/><img loading=\"lazy\" decoding=\"async\" src=\"https:\/\/www.arch-eberhardt.at\/wordpress\/wp-content\/uploads\/2013\/11\/IMG_2110-650x480.jpg\" height=\"480\" width=\"650\" alt=\"\" class=\"slider-150 slide-157\" \/><a href=\"?page_id=228\" target=\"_self\"><img loading=\"lazy\" decoding=\"async\" src=\"https:\/\/www.arch-eberhardt.at\/wordpress\/wp-content\/uploads\/2013\/11\/IMG_2111-650x480.jpg\" height=\"480\" width=\"650\" alt=\"\" class=\"slider-150 slide-158\" \/><\/a><\/div><\/div>\n        \n    <\/div>\n<\/div><\/p>\n","protected":false},"excerpt":{"rendered":"<p>S\u00fcdhanglage mit Aufschlie\u00dfung von S\u00fcden<\/p>\n","protected":false},"author":2,"featured_media":0,"parent":29,"menu_order":0,"comment_status":"closed","ping_status":"closed","template":"","meta":{"footnotes":""},"class_list":["post-228","page","type-page","status-publish","hentry"],"_links":{"self":[{"href":"https:\/\/www.arch-eberhardt.at\/wordpress\/index.php?rest_route=\/wp\/v2\/pages\/228","targetHints":{"allow":["GET"]}}],"collection":[{"href":"https:\/\/www.arch-eberhardt.at\/wordpress\/index.php?rest_route=\/wp\/v2\/pages"}],"about":[{"href":"https:\/\/www.arch-eberhardt.at\/wordpress\/index.php?rest_route=\/wp\/v2\/types\/page"}],"author":[{"embeddable":true,"href":"https:\/\/www.arch-eberhardt.at\/wordpress\/index.php?rest_route=\/wp\/v2\/users\/2"}],"replies":[{"embeddable":true,"href":"https:\/\/www.arch-eberhardt.at\/wordpress\/index.php?rest_route=%2Fwp%2Fv2%2Fcomments&post=228"}],"version-history":[{"count":2,"href":"https:\/\/www.arch-eberhardt.at\/wordpress\/index.php?rest_route=\/wp\/v2\/pages\/228\/revisions"}],"predecessor-version":[{"id":430,"href":"https:\/\/www.arch-eberhardt.at\/wordpress\/index.php?rest_route=\/wp\/v2\/pages\/228\/revisions\/430"}],"up":[{"embeddable":true,"href":"https:\/\/www.arch-eberhardt.at\/wordpress\/index.php?rest_route=\/wp\/v2\/pages\/29"}],"wp:attachment":[{"href":"https:\/\/www.arch-eberhardt.at\/wordpress\/index.php?rest_route=%2Fwp%2Fv2%2Fmedia&parent=228"}],"curies":[{"name":"wp","href":"https:\/\/api.w.org\/{rel}","templated":true}]}}