{"id":211,"date":"2013-11-22T09:28:59","date_gmt":"2013-11-22T07:28:59","guid":{"rendered":"http:\/\/www.arch-eberhardt.at\/wordpress\/?page_id=211"},"modified":"2013-11-28T10:53:07","modified_gmt":"2013-11-28T08:53:07","slug":"ooe-blinden-und-sehbehindertenverband","status":"publish","type":"page","link":"https:\/\/www.arch-eberhardt.at\/wordpress\/?page_id=211","title":{"rendered":"O\u00d6 Blinden- und Sehbehindertenverband, Linz"},"content":{"rendered":"<p>Umbau und Adaptierung des B\u00fcrogeb\u00e4udes nach kompletter Entkernung.<br \/>\nUmbau in nur 2 Monaten w\u00e4hrend der Sommerferien.<br \/>\nGlaspyramide \u00fcber ehemaligen Innenhof.<br \/>\n<div id=\"metaslider-id-203\" style=\"width: 100%;\" class=\"ml-slider-3-90-1 metaslider metaslider-nivo metaslider-203 ml-slider ms-theme-nivo-dark\" role=\"region\" aria-roledescription=\"Slideshow\" aria-label=\"O\u00d6 Blindenverband\">\n    <div id=\"metaslider_container_203\">\n        <div class='slider-wrapper theme-default'><div class='ribbon'><\/div><div id='metaslider_203' class='nivoSlider'><img loading=\"lazy\" decoding=\"async\" src=\"https:\/\/www.arch-eberhardt.at\/wordpress\/wp-content\/uploads\/2013\/11\/O\u00d6BSV1-750x550.jpg\" height=\"550\" width=\"750\" alt=\"\" class=\"slider-203 slide-204\" \/><img loading=\"lazy\" decoding=\"async\" src=\"https:\/\/www.arch-eberhardt.at\/wordpress\/wp-content\/uploads\/2013\/11\/O\u00d6BSV3-750x550.jpg\" height=\"550\" width=\"750\" alt=\"\" class=\"slider-203 slide-206\" \/><img loading=\"lazy\" decoding=\"async\" src=\"https:\/\/www.arch-eberhardt.at\/wordpress\/wp-content\/uploads\/2013\/11\/O\u00d6BSV5-750x550.jpg\" height=\"550\" width=\"750\" alt=\"\" class=\"slider-203 slide-208\" \/><img loading=\"lazy\" decoding=\"async\" src=\"https:\/\/www.arch-eberhardt.at\/wordpress\/wp-content\/uploads\/2013\/11\/O\u00d6BSV4-750x550.jpg\" height=\"550\" width=\"750\" alt=\"\" class=\"slider-203 slide-207\" \/><img loading=\"lazy\" decoding=\"async\" src=\"https:\/\/www.arch-eberhardt.at\/wordpress\/wp-content\/uploads\/2013\/11\/O\u00d6BSV6-750x550.jpg\" height=\"550\" width=\"750\" alt=\"\" class=\"slider-203 slide-209\" \/><img loading=\"lazy\" decoding=\"async\" src=\"https:\/\/www.arch-eberhardt.at\/wordpress\/wp-content\/uploads\/2013\/11\/O\u00d6BVneu_1-750x550.jpg\" height=\"550\" width=\"750\" alt=\"\" class=\"slider-203 slide-306\" \/><\/div><\/div>\n        \n    <\/div>\n<\/div><\/p>\n","protected":false},"excerpt":{"rendered":"<p>Umbau und Adaptierung des B\u00fcrogeb\u00e4udes nach kompletter Entkernung. Umbau in nur 2 Monaten w\u00e4hrend der Sommerferien. Glaspyramide \u00fcber ehemaligen Innenhof.<\/p>\n","protected":false},"author":2,"featured_media":0,"parent":31,"menu_order":0,"comment_status":"closed","ping_status":"closed","template":"","meta":{"footnotes":""},"class_list":["post-211","page","type-page","status-publish","hentry"],"_links":{"self":[{"href":"https:\/\/www.arch-eberhardt.at\/wordpress\/index.php?rest_route=\/wp\/v2\/pages\/211","targetHints":{"allow":["GET"]}}],"collection":[{"href":"https:\/\/www.arch-eberhardt.at\/wordpress\/index.php?rest_route=\/wp\/v2\/pages"}],"about":[{"href":"https:\/\/www.arch-eberhardt.at\/wordpress\/index.php?rest_route=\/wp\/v2\/types\/page"}],"author":[{"embeddable":true,"href":"https:\/\/www.arch-eberhardt.at\/wordpress\/index.php?rest_route=\/wp\/v2\/users\/2"}],"replies":[{"embeddable":true,"href":"https:\/\/www.arch-eberhardt.at\/wordpress\/index.php?rest_route=%2Fwp%2Fv2%2Fcomments&post=211"}],"version-history":[{"count":6,"href":"https:\/\/www.arch-eberhardt.at\/wordpress\/index.php?rest_route=\/wp\/v2\/pages\/211\/revisions"}],"predecessor-version":[{"id":424,"href":"https:\/\/www.arch-eberhardt.at\/wordpress\/index.php?rest_route=\/wp\/v2\/pages\/211\/revisions\/424"}],"up":[{"embeddable":true,"href":"https:\/\/www.arch-eberhardt.at\/wordpress\/index.php?rest_route=\/wp\/v2\/pages\/31"}],"wp:attachment":[{"href":"https:\/\/www.arch-eberhardt.at\/wordpress\/index.php?rest_route=%2Fwp%2Fv2%2Fmedia&parent=211"}],"curies":[{"name":"wp","href":"https:\/\/api.w.org\/{rel}","templated":true}]}}