{"id":21,"date":"2013-11-20T21:46:16","date_gmt":"2013-11-20T19:46:16","guid":{"rendered":"http:\/\/www.arch-eberhardt.at\/wordpress\/?page_id=21"},"modified":"2025-03-31T20:11:06","modified_gmt":"2025-03-31T18:11:06","slug":"baubilologie","status":"publish","type":"page","link":"https:\/\/www.arch-eberhardt.at\/wordpress\/?page_id=21","title":{"rendered":"Vereinst\u00e4tigkeiten"},"content":{"rendered":"<h2>Baubiologie<\/h2>\n<p>Wir sind ein Architekturb\u00fcro mit mehr als 30j\u00e4hriger Erfahrung in baubiologischer, \u00f6kologischer sowie\u00a0ganzheitlicher Planung und Ausf\u00fchrung.<\/p>\n<ul>\n<li>Beratung bei der Grundst\u00fcckswahl ggf. auch mit radi\u00e4sthetischer Baugrunduntersuchung, baurechtliche \u00dcberpr\u00fcfung, etc.<\/li>\n<li>Begutachtung von Altbauten betreffend Sanierung<\/li>\n<li>Ganzheitliche baubiologische, \u00f6kologische und energieeffiziente Planung.<br \/>Schadstofffreie Baumaterialien, \u00f6kologische Heizsysteme, passive Sonnenenergienutzung, Innenraumplanung, etc.<\/li>\n<li>Gesundes und nachhaltiges Bauen und Wohnen f\u00fcr eine hohe Lebensqualit\u00e4t<\/li>\n<\/ul>\n<p>Gr\u00fcndungs- und Vorstandsmitglied des Baubiologischen Institutes in Linz:\u00a0 \u00a0<a title=\"BBI Baubiologisches Institut\" href=\"http:\/\/www.baubiologie.or.at\/bbi\/\" target=\"_blank\" rel=\"noopener noreferrer\">BBI &#8211; Baubiologisches Institut \u00d6sterreich<\/a><br \/>Weiter Informationen finden sie auch hier: <a href=\"https:\/\/www.gesundes-haus.at\/\">Gesundes Haus<\/a><\/p>\n<div id=\"metaslider-id-454\" style=\"width: 100%;\" class=\"ml-slider-3-90-1 metaslider metaslider-nivo metaslider-454 ml-slider ms-theme-nivo-dark has-dots-nav\" role=\"region\" aria-roledescription=\"Slideshow\" aria-label=\"bbi Bl\u00e4tter\">\n    <div id=\"metaslider_container_454\">\n        <div class='slider-wrapper theme-default'><div class='ribbon'><\/div><div id='metaslider_454' class='nivoSlider'><img loading=\"lazy\" decoding=\"async\" src=\"https:\/\/www.arch-eberhardt.at\/wordpress\/wp-content\/uploads\/2013\/11\/Layout-Deckblatt-672x910.jpg\" height=\"910\" width=\"672\" alt=\"\" class=\"slider-454 slide-456\" \/><img loading=\"lazy\" decoding=\"async\" src=\"https:\/\/www.arch-eberhardt.at\/wordpress\/wp-content\/uploads\/2013\/11\/Layout-Bauherr-672x910.jpg\" height=\"910\" width=\"672\" alt=\"\" class=\"slider-454 slide-464\" \/><img loading=\"lazy\" decoding=\"async\" src=\"https:\/\/www.arch-eberhardt.at\/wordpress\/wp-content\/uploads\/2013\/11\/Layout-Standort-672x910.jpg\" height=\"910\" width=\"672\" alt=\"\" class=\"slider-454 slide-463\" \/><img loading=\"lazy\" decoding=\"async\" src=\"https:\/\/www.arch-eberhardt.at\/wordpress\/wp-content\/uploads\/2013\/11\/Layout-Planung-672x910.jpg\" height=\"910\" width=\"672\" alt=\"\" class=\"slider-454 slide-462\" \/><img loading=\"lazy\" decoding=\"async\" src=\"https:\/\/www.arch-eberhardt.at\/wordpress\/wp-content\/uploads\/2013\/11\/Layout-Ma\u00dfstab-672x910.jpg\" height=\"910\" width=\"672\" alt=\"\" class=\"slider-454 slide-461\" \/><img loading=\"lazy\" decoding=\"async\" src=\"https:\/\/www.arch-eberhardt.at\/wordpress\/wp-content\/uploads\/2013\/11\/Layout-Baustoffe-672x910.jpg\" height=\"910\" width=\"672\" alt=\"\" class=\"slider-454 slide-460\" \/><\/div><\/div>\n        \n    <\/div>\n<\/div>\n<h2>ARCH-PRO-LINZ<\/h2>\n<p>Gr\u00fcndungsmitglied einer Architekturvereinigung f\u00fcr eine umfassende, unabh\u00e4ngige Stadtplanung unter Ber\u00fccksichtigung von Architekturqualit\u00e4t, Klimaschutz und Naturschutz.<\/p>\n<p>J\u00e4hrliche Ausstellung &#8222;Linzer Bau-, Verkehrs- und Umwelts\u00fcnden&#8220;. <a href=\"https:\/\/www.instagram.com\/archprolinz\/#\">Instagram<\/a><\/p>\n\n\n<figure class=\"wp-block-image size-large is-resized\"><a href=\"https:\/\/www.instagram.com\/archprolinz\/#\"><img loading=\"lazy\" decoding=\"async\" width=\"1024\" height=\"830\" src=\"https:\/\/www.arch-eberhardt.at\/wordpress\/wp-content\/uploads\/2025\/03\/A-neu_A-p-L-1024x830.jpg\" alt=\"\" class=\"wp-image-884\" style=\"width:634px;height:auto\" srcset=\"https:\/\/www.arch-eberhardt.at\/wordpress\/wp-content\/uploads\/2025\/03\/A-neu_A-p-L-1024x830.jpg 1024w, https:\/\/www.arch-eberhardt.at\/wordpress\/wp-content\/uploads\/2025\/03\/A-neu_A-p-L-300x243.jpg 300w, https:\/\/www.arch-eberhardt.at\/wordpress\/wp-content\/uploads\/2025\/03\/A-neu_A-p-L-768x622.jpg 768w, https:\/\/www.arch-eberhardt.at\/wordpress\/wp-content\/uploads\/2025\/03\/A-neu_A-p-L-1536x1245.jpg 1536w, https:\/\/www.arch-eberhardt.at\/wordpress\/wp-content\/uploads\/2025\/03\/A-neu_A-p-L.jpg 2000w\" sizes=\"auto, (max-width: 1024px) 100vw, 1024px\" \/><\/a><\/figure>\n\n\n<div id=\"metaslider-id-888\" style=\"width: 100%;\" class=\"ml-slider-3-90-1 metaslider metaslider-flex metaslider-888 ml-slider ms-theme-databold has-dots-nav has-dots-nav\" role=\"region\" aria-roledescription=\"Slideshow\" aria-label=\"ARCH-PRO-LINZ\">\n    <div id=\"metaslider_container_888\">\n        <div id=\"metaslider_888\" class=\"flexslider\">\n            <ul class='slides'>\n                <li style=\"display: block; width: 100%;\" class=\"slide-896 ms-image \" aria-roledescription=\"slide\" aria-label=\"slide-896\"><img loading=\"lazy\" decoding=\"async\" width=\"1920\" height=\"1440\" src=\"https:\/\/www.arch-eberhardt.at\/wordpress\/wp-content\/uploads\/2025\/03\/01.jpg\" class=\"slider-888 slide-896\" alt=\"\" rel=\"\" title=\"01\" srcset=\"https:\/\/www.arch-eberhardt.at\/wordpress\/wp-content\/uploads\/2025\/03\/01.jpg 1920w, https:\/\/www.arch-eberhardt.at\/wordpress\/wp-content\/uploads\/2025\/03\/01-300x225.jpg 300w, https:\/\/www.arch-eberhardt.at\/wordpress\/wp-content\/uploads\/2025\/03\/01-1024x768.jpg 1024w, https:\/\/www.arch-eberhardt.at\/wordpress\/wp-content\/uploads\/2025\/03\/01-768x576.jpg 768w, https:\/\/www.arch-eberhardt.at\/wordpress\/wp-content\/uploads\/2025\/03\/01-1536x1152.jpg 1536w\" sizes=\"auto, (max-width: 1920px) 100vw, 1920px\" \/><\/li>\n                <li style=\"display: none; width: 100%;\" class=\"slide-897 ms-image \" aria-roledescription=\"slide\" aria-label=\"slide-897\"><img loading=\"lazy\" decoding=\"async\" width=\"1861\" height=\"1440\" src=\"https:\/\/www.arch-eberhardt.at\/wordpress\/wp-content\/uploads\/2025\/03\/02.jpg\" class=\"slider-888 slide-897\" alt=\"\" rel=\"\" title=\"02\" srcset=\"https:\/\/www.arch-eberhardt.at\/wordpress\/wp-content\/uploads\/2025\/03\/02.jpg 1861w, https:\/\/www.arch-eberhardt.at\/wordpress\/wp-content\/uploads\/2025\/03\/02-300x232.jpg 300w, https:\/\/www.arch-eberhardt.at\/wordpress\/wp-content\/uploads\/2025\/03\/02-1024x792.jpg 1024w, https:\/\/www.arch-eberhardt.at\/wordpress\/wp-content\/uploads\/2025\/03\/02-768x594.jpg 768w, https:\/\/www.arch-eberhardt.at\/wordpress\/wp-content\/uploads\/2025\/03\/02-1536x1189.jpg 1536w\" sizes=\"auto, (max-width: 1861px) 100vw, 1861px\" \/><\/li>\n                <li style=\"display: none; width: 100%;\" class=\"slide-902 ms-image \" aria-roledescription=\"slide\" aria-label=\"slide-902\"><img loading=\"lazy\" decoding=\"async\" width=\"1794\" height=\"1440\" src=\"https:\/\/www.arch-eberhardt.at\/wordpress\/wp-content\/uploads\/2025\/03\/07.jpg\" class=\"slider-888 slide-902\" alt=\"\" rel=\"\" title=\"07\" srcset=\"https:\/\/www.arch-eberhardt.at\/wordpress\/wp-content\/uploads\/2025\/03\/07.jpg 1794w, https:\/\/www.arch-eberhardt.at\/wordpress\/wp-content\/uploads\/2025\/03\/07-300x241.jpg 300w, https:\/\/www.arch-eberhardt.at\/wordpress\/wp-content\/uploads\/2025\/03\/07-1024x822.jpg 1024w, https:\/\/www.arch-eberhardt.at\/wordpress\/wp-content\/uploads\/2025\/03\/07-768x616.jpg 768w, https:\/\/www.arch-eberhardt.at\/wordpress\/wp-content\/uploads\/2025\/03\/07-1536x1233.jpg 1536w\" sizes=\"auto, (max-width: 1794px) 100vw, 1794px\" \/><\/li>\n                <li style=\"display: none; width: 100%;\" class=\"slide-898 ms-image \" aria-roledescription=\"slide\" aria-label=\"slide-898\"><img loading=\"lazy\" decoding=\"async\" width=\"1776\" height=\"1440\" src=\"https:\/\/www.arch-eberhardt.at\/wordpress\/wp-content\/uploads\/2025\/03\/03.jpg\" class=\"slider-888 slide-898\" alt=\"\" rel=\"\" title=\"03\" srcset=\"https:\/\/www.arch-eberhardt.at\/wordpress\/wp-content\/uploads\/2025\/03\/03.jpg 1776w, https:\/\/www.arch-eberhardt.at\/wordpress\/wp-content\/uploads\/2025\/03\/03-300x243.jpg 300w, https:\/\/www.arch-eberhardt.at\/wordpress\/wp-content\/uploads\/2025\/03\/03-1024x830.jpg 1024w, https:\/\/www.arch-eberhardt.at\/wordpress\/wp-content\/uploads\/2025\/03\/03-768x623.jpg 768w, https:\/\/www.arch-eberhardt.at\/wordpress\/wp-content\/uploads\/2025\/03\/03-1536x1245.jpg 1536w\" sizes=\"auto, (max-width: 1776px) 100vw, 1776px\" \/><\/li>\n                <li style=\"display: none; width: 100%;\" class=\"slide-899 ms-image \" aria-roledescription=\"slide\" aria-label=\"slide-899\"><img loading=\"lazy\" decoding=\"async\" width=\"1920\" height=\"1440\" src=\"https:\/\/www.arch-eberhardt.at\/wordpress\/wp-content\/uploads\/2025\/03\/04.jpg\" class=\"slider-888 slide-899\" alt=\"\" rel=\"\" title=\"04\" srcset=\"https:\/\/www.arch-eberhardt.at\/wordpress\/wp-content\/uploads\/2025\/03\/04.jpg 1920w, https:\/\/www.arch-eberhardt.at\/wordpress\/wp-content\/uploads\/2025\/03\/04-300x225.jpg 300w, https:\/\/www.arch-eberhardt.at\/wordpress\/wp-content\/uploads\/2025\/03\/04-1024x768.jpg 1024w, https:\/\/www.arch-eberhardt.at\/wordpress\/wp-content\/uploads\/2025\/03\/04-768x576.jpg 768w, https:\/\/www.arch-eberhardt.at\/wordpress\/wp-content\/uploads\/2025\/03\/04-1536x1152.jpg 1536w\" sizes=\"auto, (max-width: 1920px) 100vw, 1920px\" \/><\/li>\n                <li style=\"display: none; width: 100%;\" class=\"slide-901 ms-image \" aria-roledescription=\"slide\" aria-label=\"slide-901\"><img loading=\"lazy\" decoding=\"async\" width=\"1440\" height=\"1818\" src=\"https:\/\/www.arch-eberhardt.at\/wordpress\/wp-content\/uploads\/2025\/03\/06.jpg\" class=\"slider-888 slide-901\" alt=\"\" rel=\"\" title=\"06\" srcset=\"https:\/\/www.arch-eberhardt.at\/wordpress\/wp-content\/uploads\/2025\/03\/06.jpg 1440w, https:\/\/www.arch-eberhardt.at\/wordpress\/wp-content\/uploads\/2025\/03\/06-238x300.jpg 238w, https:\/\/www.arch-eberhardt.at\/wordpress\/wp-content\/uploads\/2025\/03\/06-811x1024.jpg 811w, https:\/\/www.arch-eberhardt.at\/wordpress\/wp-content\/uploads\/2025\/03\/06-768x970.jpg 768w, https:\/\/www.arch-eberhardt.at\/wordpress\/wp-content\/uploads\/2025\/03\/06-1217x1536.jpg 1217w\" sizes=\"auto, (max-width: 1440px) 100vw, 1440px\" \/><\/li>\n                <li style=\"display: none; width: 100%;\" class=\"slide-900 ms-image \" aria-roledescription=\"slide\" aria-label=\"slide-900\"><img loading=\"lazy\" decoding=\"async\" width=\"1440\" height=\"1776\" src=\"https:\/\/www.arch-eberhardt.at\/wordpress\/wp-content\/uploads\/2025\/03\/05.jpg\" class=\"slider-888 slide-900\" alt=\"\" rel=\"\" title=\"05\" srcset=\"https:\/\/www.arch-eberhardt.at\/wordpress\/wp-content\/uploads\/2025\/03\/05.jpg 1440w, https:\/\/www.arch-eberhardt.at\/wordpress\/wp-content\/uploads\/2025\/03\/05-243x300.jpg 243w, https:\/\/www.arch-eberhardt.at\/wordpress\/wp-content\/uploads\/2025\/03\/05-830x1024.jpg 830w, https:\/\/www.arch-eberhardt.at\/wordpress\/wp-content\/uploads\/2025\/03\/05-768x947.jpg 768w, https:\/\/www.arch-eberhardt.at\/wordpress\/wp-content\/uploads\/2025\/03\/05-1245x1536.jpg 1245w\" sizes=\"auto, (max-width: 1440px) 100vw, 1440px\" \/><\/li>\n            <\/ul>\n        <\/div>\n        \n    <\/div>\n<\/div>\n<h2>Baumrettungsinitiative Linz<\/h2>\n<p>Gr\u00fcndungsmitglieds einer Gr\u00fcnraumschutz-Organisation.<\/p>\n<p>In Anbetracht der Klimakrise soll der wertvolle Baumbestand gesch\u00fctzt werden. Kontrolle und Einsp\u00fcche bei Baumf\u00e4llungen im st\u00e4dtischen Bereicher<\/p>\n<p>\u00a0<\/p>\n\n\n<figure class=\"wp-block-image size-large\"><a href=\"https:\/\/www.arch-eberhardt.at\/wordpress\/wp-content\/uploads\/2025\/03\/14.5.23-2img012-scaled.jpg\"><img loading=\"lazy\" decoding=\"async\" width=\"725\" height=\"1024\" src=\"https:\/\/www.arch-eberhardt.at\/wordpress\/wp-content\/uploads\/2025\/03\/14.5.23-2img012-725x1024.jpg\" alt=\"\" class=\"wp-image-907\" srcset=\"https:\/\/www.arch-eberhardt.at\/wordpress\/wp-content\/uploads\/2025\/03\/14.5.23-2img012-725x1024.jpg 725w, https:\/\/www.arch-eberhardt.at\/wordpress\/wp-content\/uploads\/2025\/03\/14.5.23-2img012-212x300.jpg 212w, https:\/\/www.arch-eberhardt.at\/wordpress\/wp-content\/uploads\/2025\/03\/14.5.23-2img012-768x1085.jpg 768w, https:\/\/www.arch-eberhardt.at\/wordpress\/wp-content\/uploads\/2025\/03\/14.5.23-2img012-1087x1536.jpg 1087w, https:\/\/www.arch-eberhardt.at\/wordpress\/wp-content\/uploads\/2025\/03\/14.5.23-2img012-1449x2048.jpg 1449w, https:\/\/www.arch-eberhardt.at\/wordpress\/wp-content\/uploads\/2025\/03\/14.5.23-2img012-scaled.jpg 1812w\" sizes=\"auto, (max-width: 725px) 100vw, 725px\" \/><\/a><\/figure>\n\n\n\n<figure class=\"wp-block-image size-large\"><a href=\"https:\/\/www.arch-eberhardt.at\/wordpress\/wp-content\/uploads\/2025\/03\/14.5.23-3-scaled.jpg\"><img loading=\"lazy\" decoding=\"async\" width=\"725\" height=\"1024\" src=\"https:\/\/www.arch-eberhardt.at\/wordpress\/wp-content\/uploads\/2025\/03\/14.5.23-3-725x1024.jpg\" alt=\"\" class=\"wp-image-908\" srcset=\"https:\/\/www.arch-eberhardt.at\/wordpress\/wp-content\/uploads\/2025\/03\/14.5.23-3-725x1024.jpg 725w, https:\/\/www.arch-eberhardt.at\/wordpress\/wp-content\/uploads\/2025\/03\/14.5.23-3-212x300.jpg 212w, https:\/\/www.arch-eberhardt.at\/wordpress\/wp-content\/uploads\/2025\/03\/14.5.23-3-768x1085.jpg 768w, https:\/\/www.arch-eberhardt.at\/wordpress\/wp-content\/uploads\/2025\/03\/14.5.23-3-1087x1536.jpg 1087w, https:\/\/www.arch-eberhardt.at\/wordpress\/wp-content\/uploads\/2025\/03\/14.5.23-3-1449x2048.jpg 1449w, https:\/\/www.arch-eberhardt.at\/wordpress\/wp-content\/uploads\/2025\/03\/14.5.23-3-scaled.jpg 1812w\" sizes=\"auto, (max-width: 725px) 100vw, 725px\" \/><\/a><\/figure>\n\n\n\n<p><\/p>\n\n\n\n<p><\/p>\n","protected":false},"excerpt":{"rendered":"<p>Baubiologie Wir sind ein Architekturb\u00fcro mit mehr als 30j\u00e4hriger Erfahrung in baubiologischer, \u00f6kologischer sowie\u00a0ganzheitlicher Planung und Ausf\u00fchrung. Beratung bei der Grundst\u00fcckswahl ggf. auch mit radi\u00e4sthetischer Baugrunduntersuchung, baurechtliche \u00dcberpr\u00fcfung, etc. Begutachtung von Altbauten betreffend Sanierung Ganzheitliche baubiologische, \u00f6kologische und energieeffiziente Planung.Schadstofffreie Baumaterialien, \u00f6kologische Heizsysteme, passive Sonnenenergienutzung, Innenraumplanung, etc. Gesundes und nachhaltiges Bauen und Wohnen f\u00fcr eine &hellip; <a href=\"https:\/\/www.arch-eberhardt.at\/wordpress\/?page_id=21\" class=\"more-link\"><span class=\"screen-reader-text\">Vereinst\u00e4tigkeiten<\/span> weiterlesen <span class=\"meta-nav\">&rarr;<\/span><\/a><\/p>\n","protected":false},"author":1,"featured_media":0,"parent":0,"menu_order":1,"comment_status":"closed","ping_status":"closed","template":"","meta":{"footnotes":""},"class_list":["post-21","page","type-page","status-publish","hentry"],"_links":{"self":[{"href":"https:\/\/www.arch-eberhardt.at\/wordpress\/index.php?rest_route=\/wp\/v2\/pages\/21","targetHints":{"allow":["GET"]}}],"collection":[{"href":"https:\/\/www.arch-eberhardt.at\/wordpress\/index.php?rest_route=\/wp\/v2\/pages"}],"about":[{"href":"https:\/\/www.arch-eberhardt.at\/wordpress\/index.php?rest_route=\/wp\/v2\/types\/page"}],"author":[{"embeddable":true,"href":"https:\/\/www.arch-eberhardt.at\/wordpress\/index.php?rest_route=\/wp\/v2\/users\/1"}],"replies":[{"embeddable":true,"href":"https:\/\/www.arch-eberhardt.at\/wordpress\/index.php?rest_route=%2Fwp%2Fv2%2Fcomments&post=21"}],"version-history":[{"count":27,"href":"https:\/\/www.arch-eberhardt.at\/wordpress\/index.php?rest_route=\/wp\/v2\/pages\/21\/revisions"}],"predecessor-version":[{"id":909,"href":"https:\/\/www.arch-eberhardt.at\/wordpress\/index.php?rest_route=\/wp\/v2\/pages\/21\/revisions\/909"}],"wp:attachment":[{"href":"https:\/\/www.arch-eberhardt.at\/wordpress\/index.php?rest_route=%2Fwp%2Fv2%2Fmedia&parent=21"}],"curies":[{"name":"wp","href":"https:\/\/api.w.org\/{rel}","templated":true}]}}