{"id":181,"date":"2013-11-21T15:47:42","date_gmt":"2013-11-21T13:47:42","guid":{"rendered":"http:\/\/www.arch-eberhardt.at\/wordpress\/?page_id=181"},"modified":"2020-11-11T21:17:27","modified_gmt":"2020-11-11T20:17:27","slug":"baubiologisches-zweifamilienhaus","status":"publish","type":"page","link":"https:\/\/www.arch-eberhardt.at\/wordpress\/?page_id=181","title":{"rendered":"Baubiologisches Zweifamilienhaus Linz"},"content":{"rendered":"<p>Doppell\u00e4ufige Wendeltreppe zur zweifachen Erschlie\u00dfung des Obergescho\u00dfes:<br \/>\nDies ergibt eine unproblematische Anpassungsm\u00f6glichkeit an die jeweilige Familiengr\u00f6\u00dfe, von der Gro\u00dffamilie mit Einliegerwohnung bis zu einer Doppelhausnutzung mit gleich gro\u00dfen Wohnungen.<br \/>\n<div id=\"metaslider-id-175\" style=\"width: 100%;\" class=\"ml-slider-3-90-1 metaslider metaslider-nivo metaslider-175 ml-slider ms-theme-nivo-dark\" role=\"region\" aria-roledescription=\"Slideshow\" aria-label=\"Polgar\">\n    <div id=\"metaslider_container_175\">\n        <div class='slider-wrapper theme-default'><div class='ribbon'><\/div><div id='metaslider_175' class='nivoSlider'><img loading=\"lazy\" decoding=\"async\" src=\"https:\/\/www.arch-eberhardt.at\/wordpress\/wp-content\/uploads\/2013\/11\/Polg1-480x650.jpg\" height=\"650\" width=\"480\" alt=\"\" class=\"slider-175 slide-178\" \/><img loading=\"lazy\" decoding=\"async\" src=\"https:\/\/www.arch-eberhardt.at\/wordpress\/wp-content\/uploads\/2013\/11\/Polg2-480x650.jpg\" height=\"650\" width=\"480\" alt=\"\" class=\"slider-175 slide-179\" \/><img loading=\"lazy\" decoding=\"async\" src=\"https:\/\/www.arch-eberhardt.at\/wordpress\/wp-content\/uploads\/2013\/11\/Polg3-480x650.jpg\" height=\"650\" width=\"480\" alt=\"\" class=\"slider-175 slide-180\" \/><\/div><\/div>\n        \n    <\/div>\n<\/div><\/p>\n","protected":false},"excerpt":{"rendered":"<p>Doppell\u00e4ufige Wendeltreppe zur zweifachen Erschlie\u00dfung des Obergescho\u00dfes: Dies ergibt eine unproblematische Anpassungsm\u00f6glichkeit an die jeweilige Familiengr\u00f6\u00dfe, von der Gro\u00dffamilie mit Einliegerwohnung bis zu einer Doppelhausnutzung mit gleich gro\u00dfen Wohnungen.<\/p>\n","protected":false},"author":2,"featured_media":0,"parent":29,"menu_order":0,"comment_status":"closed","ping_status":"closed","template":"","meta":{"footnotes":""},"class_list":["post-181","page","type-page","status-publish","hentry"],"_links":{"self":[{"href":"https:\/\/www.arch-eberhardt.at\/wordpress\/index.php?rest_route=\/wp\/v2\/pages\/181","targetHints":{"allow":["GET"]}}],"collection":[{"href":"https:\/\/www.arch-eberhardt.at\/wordpress\/index.php?rest_route=\/wp\/v2\/pages"}],"about":[{"href":"https:\/\/www.arch-eberhardt.at\/wordpress\/index.php?rest_route=\/wp\/v2\/types\/page"}],"author":[{"embeddable":true,"href":"https:\/\/www.arch-eberhardt.at\/wordpress\/index.php?rest_route=\/wp\/v2\/users\/2"}],"replies":[{"embeddable":true,"href":"https:\/\/www.arch-eberhardt.at\/wordpress\/index.php?rest_route=%2Fwp%2Fv2%2Fcomments&post=181"}],"version-history":[{"count":3,"href":"https:\/\/www.arch-eberhardt.at\/wordpress\/index.php?rest_route=\/wp\/v2\/pages\/181\/revisions"}],"predecessor-version":[{"id":781,"href":"https:\/\/www.arch-eberhardt.at\/wordpress\/index.php?rest_route=\/wp\/v2\/pages\/181\/revisions\/781"}],"up":[{"embeddable":true,"href":"https:\/\/www.arch-eberhardt.at\/wordpress\/index.php?rest_route=\/wp\/v2\/pages\/29"}],"wp:attachment":[{"href":"https:\/\/www.arch-eberhardt.at\/wordpress\/index.php?rest_route=%2Fwp%2Fv2%2Fmedia&parent=181"}],"curies":[{"name":"wp","href":"https:\/\/api.w.org\/{rel}","templated":true}]}}