{"id":160,"date":"2013-11-21T15:23:47","date_gmt":"2013-11-21T13:23:47","guid":{"rendered":"http:\/\/www.arch-eberhardt.at\/wordpress\/?page_id=160"},"modified":"2020-11-11T21:14:36","modified_gmt":"2020-11-11T20:14:36","slug":"um-und-zubau-wohnhaus","status":"publish","type":"page","link":"https:\/\/www.arch-eberhardt.at\/wordpress\/?page_id=160","title":{"rendered":"Um- und Zubau Wohnhaus Marchtrenk"},"content":{"rendered":"<p>Bestehendes Einfamilienhaus wurde&nbsp;f\u00fcr die zweite Generation aufgestockt.<br \/>\nW\u00e4hrend der Umbauarbeiten blieb das Erdgescho\u00df weiterhin bewohnt.<br \/>\nBaubiologische Materialien, Lehmputz, L\u00e4rchenfenster naturbelassen.<br \/>\n<div id=\"metaslider-id-118\" style=\"width: 100%;\" class=\"ml-slider-3-90-1 metaslider metaslider-nivo metaslider-118 ml-slider ms-theme-nivo-dark\" role=\"region\" aria-roledescription=\"Slideshow\" aria-label=\"Rittenschober\">\n    <div id=\"metaslider_container_118\">\n        <div class='slider-wrapper theme-default'><div class='ribbon'><\/div><div id='metaslider_118' class='nivoSlider'><img loading=\"lazy\" decoding=\"async\" src=\"https:\/\/www.arch-eberhardt.at\/wordpress\/wp-content\/uploads\/2013\/11\/Ritt33-650x480.jpg\" height=\"480\" width=\"650\" data-caption=\"Einfamilienhaus Bestand\" alt=\"\" class=\"slider-118 slide-123\" \/><img loading=\"lazy\" decoding=\"async\" src=\"https:\/\/www.arch-eberhardt.at\/wordpress\/wp-content\/uploads\/2013\/11\/DSCN9297-650x480.jpg\" height=\"480\" width=\"650\" data-caption=\"3-gescho&szlig;iger Wintergarten\" alt=\"\" class=\"slider-118 slide-120\" \/><img loading=\"lazy\" decoding=\"async\" src=\"https:\/\/www.arch-eberhardt.at\/wordpress\/wp-content\/uploads\/2013\/11\/DSCN9305-650x480.jpg\" height=\"480\" width=\"650\" data-caption=\"Galerie im Wohnbereich\" alt=\"\" class=\"slider-118 slide-122\" \/><a href=\"http:\/\/www.arch-eberhardt.at\/wordpress\/?page_id=160\" target=\"_self\"><img loading=\"lazy\" decoding=\"async\" src=\"https:\/\/www.arch-eberhardt.at\/wordpress\/wp-content\/uploads\/2013\/11\/Ritt38-650x480.jpg\" height=\"480\" width=\"650\" data-caption=\"Um- und Zubau als Zweifamilienhaus\" alt=\"\" class=\"slider-118 slide-124\" \/><\/a><img loading=\"lazy\" decoding=\"async\" src=\"https:\/\/www.arch-eberhardt.at\/wordpress\/wp-content\/uploads\/2013\/11\/DSCN9303-650x480.jpg\" height=\"480\" width=\"650\" data-caption=\"L&auml;rchenholz \" alt=\"\" class=\"slider-118 slide-121\" \/><\/div><\/div>\n        \n    <\/div>\n<\/div><\/p>\n","protected":false},"excerpt":{"rendered":"<p>Bestehendes Einfamilienhaus wurde&nbsp;f\u00fcr die zweite Generation aufgestockt. W\u00e4hrend der Umbauarbeiten blieb das Erdgescho\u00df weiterhin bewohnt. Baubiologische Materialien, Lehmputz, L\u00e4rchenfenster naturbelassen.<\/p>\n","protected":false},"author":2,"featured_media":0,"parent":29,"menu_order":0,"comment_status":"closed","ping_status":"closed","template":"","meta":{"footnotes":""},"class_list":["post-160","page","type-page","status-publish","hentry"],"_links":{"self":[{"href":"https:\/\/www.arch-eberhardt.at\/wordpress\/index.php?rest_route=\/wp\/v2\/pages\/160","targetHints":{"allow":["GET"]}}],"collection":[{"href":"https:\/\/www.arch-eberhardt.at\/wordpress\/index.php?rest_route=\/wp\/v2\/pages"}],"about":[{"href":"https:\/\/www.arch-eberhardt.at\/wordpress\/index.php?rest_route=\/wp\/v2\/types\/page"}],"author":[{"embeddable":true,"href":"https:\/\/www.arch-eberhardt.at\/wordpress\/index.php?rest_route=\/wp\/v2\/users\/2"}],"replies":[{"embeddable":true,"href":"https:\/\/www.arch-eberhardt.at\/wordpress\/index.php?rest_route=%2Fwp%2Fv2%2Fcomments&post=160"}],"version-history":[{"count":5,"href":"https:\/\/www.arch-eberhardt.at\/wordpress\/index.php?rest_route=\/wp\/v2\/pages\/160\/revisions"}],"predecessor-version":[{"id":777,"href":"https:\/\/www.arch-eberhardt.at\/wordpress\/index.php?rest_route=\/wp\/v2\/pages\/160\/revisions\/777"}],"up":[{"embeddable":true,"href":"https:\/\/www.arch-eberhardt.at\/wordpress\/index.php?rest_route=\/wp\/v2\/pages\/29"}],"wp:attachment":[{"href":"https:\/\/www.arch-eberhardt.at\/wordpress\/index.php?rest_route=%2Fwp%2Fv2%2Fmedia&parent=160"}],"curies":[{"name":"wp","href":"https:\/\/api.w.org\/{rel}","templated":true}]}}